{"id":213,"date":"2021-09-09T14:04:14","date_gmt":"2021-09-09T14:04:14","guid":{"rendered":"https:\/\/aciamericas.coop\/22conferencia\/?page_id=213"},"modified":"2022-02-17T16:18:22","modified_gmt":"2022-02-17T16:18:22","slug":"reembolso_garantia","status":"publish","type":"page","link":"https:\/\/aciamericas.coop\/22conferencia\/reembolso_garantia\/","title":{"rendered":"T\u00e9rminos y Condiciones de Uso"},"content":{"rendered":"\t\t<div data-elementor-type=\"wp-page\" data-elementor-id=\"213\" class=\"elementor elementor-213\">\n\t\t\t\t<section class=\"elementor-section elementor-top-section elementor-element elementor-element-a903ab7 elementor-section-boxed elementor-section-height-default elementor-section-height-default\" data-id=\"a903ab7\" data-element_type=\"section\">\n\t\t\t\t\t\t<div class=\"elementor-container elementor-column-gap-default\">\n\t\t\t\t\t<div class=\"elementor-column elementor-col-100 elementor-top-column elementor-element elementor-element-5d1bc3ae\" data-id=\"5d1bc3ae\" data-element_type=\"column\">\n\t\t\t<div class=\"elementor-widget-wrap elementor-element-populated\">\n\t\t\t\t\t\t<div class=\"elementor-element elementor-element-1e36b2b7 elementor-widget elementor-widget-text-editor\" data-id=\"1e36b2b7\" data-element_type=\"widget\" data-widget_type=\"text-editor.default\">\n\t\t\t\t<div class=\"elementor-widget-container\">\n\t\t\t\t\t\t\t\t\t<p><\/p>\n<p><\/p>\n<p><b>INFORMACI\u00d3N RELEVANTE<\/b><\/p>\n<p style=\"text-align: justify;\"><span style=\"font-family: 'Arial',sans-serif; color: black;\">Es requisito necesario para la adquisici\u00f3n de los servicios que se ofrecen en este sitio, que lea y acepte T\u00e9rminos y Condiciones que a continuaci\u00f3n se redactan. <\/span><\/p>\n<p style=\"text-align: justify;\"><span style=\"font-family: 'Arial',sans-serif; color: black;\">En algunos casos, ser\u00e1 necesario el ingreso de datos personales o de la organizaci\u00f3n quien asume el costo del servicio correspondiente. <\/span><\/p>\n<p style=\"text-align: justify;\"><span style=\"font-family: 'Arial',sans-serif; color: black;\">Una vez finalizado el registro y pago el usuario recibir\u00e1 un c\u00f3digo de acceso para su participaci\u00f3n. Cooperativas de las Am\u00e9ricas no asume la responsabilidad en caso de que entregue dicha clave a terceros.<\/span><\/p>\n<p style=\"text-align: justify;\"><span style=\"font-family: 'Arial',sans-serif; color: black;\">Todas las compras y transacciones que se lleven a cabo por medio de este sitio web, est\u00e1n sujetas a un proceso de confirmaci\u00f3n y verificaci\u00f3n, verificaci\u00f3n de la categor\u00eda de participante (de organizaci\u00f3n miembro o no miembro), validaci\u00f3n de la forma de pago, validaci\u00f3n de la factura y el cumplimiento de las condiciones requeridas por el medio de pago seleccionado. En algunos casos puede que se requiera una verificaci\u00f3n por medio de correo electr\u00f3nico.<\/span><\/p>\n<p style=\"text-align: justify;\"><span style=\"font-family: 'Arial',sans-serif; color: black;\">Los costos de los servicios ofrecidos en esta p\u00e1gina son v\u00e1lidos solamente en las compras realizadas por este medio. <\/span><\/p>\n<p><strong>POL\u00cdTICA DE REEMBOLSO Y GARANT\u00cdA<\/strong><\/p>\n<p>En caso de que el servicio no se realice por cancelaci\u00f3n de Cooperativas de las Am\u00e9ricas se estar\u00e1 reembolsando el costo de registro dentro de agosto 2022. La devoluci\u00f3n se hace a la tarjeta con la que se realiza la compra.<\/p>\n<p>Si la persona o entidad que realiza la compra no participa del servicio no habr\u00e1 un reembolso.<\/p>\n<p>Si la persona o entidad que realiza la compra d\u00edas antes del inicio de la prestaci\u00f3n del servicio y decide que no quiere o que no puede participar del evento no habr\u00e1 un reembolso.<\/p>\n<p><b>PRIVACIDAD<\/b><\/p>\n<p>Cooperativas de las Am\u00e9ricas garantiza que la informaci\u00f3n personal que usted env\u00eda cuenta con la seguridad necesaria. Los datos ingresados por usuario o en el caso de requerir una validaci\u00f3n de los pedidos no ser\u00e1n entregados a terceros, salvo que deba ser revelada en cumplimiento a una orden judicial o requerimientos legales.<\/p>\n<p><span style=\"font-style: inherit; font-weight: inherit;\">La informaci\u00f3n del cliente no se va compartir a menos que sea requerido por ley o la orden de un juez.<\/span><\/p>\n<p>\u00a0<\/p>\n<p>La suscripci\u00f3n a boletines de correos electr\u00f3nicos publicitarios es voluntaria y podr\u00eda ser retirada en el momento que recibe un correo de nuestra parte.<\/p>\n<p>Cooperativas de las Am\u00e9ricas reserva los derechos de cambiar o de modificar estos t\u00e9rminos sin previo aviso.<\/p>\n<p><\/p>\t\t\t\t\t\t\t\t<\/div>\n\t\t\t\t<\/div>\n\t\t\t\t\t<\/div>\n\t\t<\/div>\n\t\t\t\t\t<\/div>\n\t\t<\/section>\t\t<\/div>\n\t\t","protected":false},"excerpt":{"rendered":"<p>INFORMACI\u00d3N RELEVANTE Es requisito necesario para la adquisici\u00f3n de los servicios que se ofrecen en este sitio, que lea y acepte T\u00e9rminos y Condiciones que a continuaci\u00f3n se redactan. En algunos casos, ser\u00e1 necesario el ingreso de datos personales o de la organizaci\u00f3n quien asume el costo del servicio correspondiente. Una vez finalizado el registro &hellip;<\/p>\n<p class=\"read-more\"> <a class=\"\" href=\"https:\/\/aciamericas.coop\/22conferencia\/reembolso_garantia\/\"> <span class=\"screen-reader-text\">T\u00e9rminos y Condiciones de Uso<\/span> Leer m\u00e1s &raquo;<\/a><\/p>\n","protected":false},"author":1,"featured_media":0,"parent":0,"menu_order":0,"comment_status":"closed","ping_status":"closed","template":"","meta":{"footnotes":""},"class_list":["post-213","page","type-page","status-publish","hentry"],"_links":{"self":[{"href":"https:\/\/aciamericas.coop\/22conferencia\/wp-json\/wp\/v2\/pages\/213"}],"collection":[{"href":"https:\/\/aciamericas.coop\/22conferencia\/wp-json\/wp\/v2\/pages"}],"about":[{"href":"https:\/\/aciamericas.coop\/22conferencia\/wp-json\/wp\/v2\/types\/page"}],"author":[{"embeddable":true,"href":"https:\/\/aciamericas.coop\/22conferencia\/wp-json\/wp\/v2\/users\/1"}],"replies":[{"embeddable":true,"href":"https:\/\/aciamericas.coop\/22conferencia\/wp-json\/wp\/v2\/comments?post=213"}],"version-history":[{"count":20,"href":"https:\/\/aciamericas.coop\/22conferencia\/wp-json\/wp\/v2\/pages\/213\/revisions"}],"predecessor-version":[{"id":1804,"href":"https:\/\/aciamericas.coop\/22conferencia\/wp-json\/wp\/v2\/pages\/213\/revisions\/1804"}],"wp:attachment":[{"href":"https:\/\/aciamericas.coop\/22conferencia\/wp-json\/wp\/v2\/media?parent=213"}],"curies":[{"name":"wp","href":"https:\/\/api.w.org\/{rel}","templated":true}]}}