{"id":1119,"date":"2021-10-13T21:27:28","date_gmt":"2021-10-13T21:27:28","guid":{"rendered":"https:\/\/aciamericas.coop\/vicumbre\/?page_id=1119"},"modified":"2021-10-13T21:27:30","modified_gmt":"2021-10-13T21:27:30","slug":"termos-e-condicoes","status":"publish","type":"page","link":"https:\/\/aciamericas.coop\/vicumbre\/pt\/termos-e-condicoes\/","title":{"rendered":"Termos e Condi\u00e7\u00f5es"},"content":{"rendered":"<p>I<strong>NFORMA\u00c7\u00c3O RELEVANTE<\/strong><\/p><p>\u00c9 requisito necess\u00e1rio para a aquisi\u00e7\u00e3o dos servi\u00e7os oferecidos neste site, que leia e aceite os Termos e Condi\u00e7\u00f5es que se seguem.<\/p><p>Em alguns casos, ser\u00e1 necess\u00e1rio inserir dados pessoais ou da organiza\u00e7\u00e3o que assume o custo de participa\u00e7\u00e3o.<\/p><p>Assim que a inscri\u00e7\u00e3o e o pagamento forem conclu\u00eddos, o usu\u00e1rio receber\u00e1 um c\u00f3digo de acesso para os dias do evento. Cooperativas de las Am\u00e9ricas n\u00e3o se responsabiliza no caso de a referida senha ser cedida a terceiros.<\/p><p>Todas as compras e transa\u00e7\u00f5es realizadas atrav\u00e9s deste site est\u00e3o sujeitas a um processo de confirma\u00e7\u00e3o e verifica\u00e7\u00e3o, verifica\u00e7\u00e3o da categoria de participante (organiza\u00e7\u00e3o membro ou n\u00e3o membro), valida\u00e7\u00e3o da forma de pagamento, valida\u00e7\u00e3o da fatura e cumprimento das condi\u00e7\u00f5es exigidas pelo meios de pagamento selecionados. Em alguns casos, pode ser necess\u00e1ria a verifica\u00e7\u00e3o por e-mail.<\/p><p>Os custos dos servi\u00e7os oferecidos nesta p\u00e1gina s\u00e3o v\u00e1lidos apenas para compras feitas neste meio. No caso dos registros da Costa Rica, eles devem considerar que o valor da participa\u00e7\u00e3o tem um acr\u00e9scimo de 13% do Imposto sobre o Valor Agregado.<\/p><p>POL\u00cdTICA DE REEMBOLSO E GARANTIA<\/p><p>Caso o evento n\u00e3o seja realizado por cancelamento da Cooperativas das Am\u00e9ricas, o valor da inscri\u00e7\u00e3o ser\u00e1 reembolsado at\u00e9 dezembro de 2021. O reembolso \u00e9 feito no cart\u00e3o com o qual foi feita a compra.<\/p><p>Caso a pessoa f\u00edsica ou jur\u00eddica que fez a compra n\u00e3o compare\u00e7a ao evento n\u00e3o haver\u00e1 reembolso.<\/p><p>Caso a pessoa f\u00edsica ou jur\u00eddica que efetue a compra dias antes do evento decidir que n\u00e3o quer ou n\u00e3o pode participar do evento, n\u00e3o haver\u00e1 reembolso.<\/p><p>PRIVACIDADE<\/p><p>Cooperativas de las Am\u00e9ricas garante que os dados pessoais que voc\u00ea envia t\u00eam a seguran\u00e7a necess\u00e1ria. Os dados introduzidos pelo utilizador ou em caso de necessidade de valida\u00e7\u00e3o das encomendas n\u00e3o ser\u00e3o entregues a terceiros, a menos que devam ser divulgados em cumprimento de ordem judicial ou requisitos legais.<\/p><p>As informa\u00e7\u00f5es do cliente n\u00e3o ser\u00e3o compartilhadas, a menos que exigido por lei ou ordem de um juiz.<\/p><p>A assinatura de newsletters por e-mail de publicidade \u00e9 volunt\u00e1ria e pode ser cancelada no momento em que voc\u00ea receber um e-mail nosso.<\/p><p>Cooperativas de las Am\u00e9ricas reserva-se o direito de alterar ou modificar estes termos sem aviso pr\u00e9vio.<\/p>","protected":false},"excerpt":{"rendered":"<p>INFORMA\u00c7\u00c3O RELEVANTE \u00c9 requisito necess\u00e1rio para a aquisi\u00e7\u00e3o dos servi\u00e7os oferecidos neste site, que leia e aceite os Termos e Condi\u00e7\u00f5es que se seguem. Em alguns casos, ser\u00e1 necess\u00e1rio inserir dados pessoais ou da organiza\u00e7\u00e3o que assume o custo de participa\u00e7\u00e3o. Assim que a inscri\u00e7\u00e3o e o pagamento forem conclu\u00eddos, o usu\u00e1rio receber\u00e1 um c\u00f3digo [&hellip;]<\/p>\n","protected":false},"author":1,"featured_media":0,"parent":0,"menu_order":0,"comment_status":"closed","ping_status":"closed","template":"","meta":{"site-sidebar-layout":"default","site-content-layout":"default","ast-site-content-layout":"","site-content-style":"default","site-sidebar-style":"default","ast-global-header-display":"","ast-banner-title-visibility":"","ast-main-header-display":"","ast-hfb-above-header-display":"","ast-hfb-below-header-display":"","ast-hfb-mobile-header-display":"","site-post-title":"","ast-breadcrumbs-content":"","ast-featured-img":"","footer-sml-layout":"","theme-transparent-header-meta":"default","adv-header-id-meta":"","stick-header-meta":"default","header-above-stick-meta":"","header-main-stick-meta":"","header-below-stick-meta":"","astra-migrate-meta-layouts":"default","ast-page-background-enabled":"default","ast-page-background-meta":{"desktop":{"background-color":"","background-image":"","background-repeat":"repeat","background-position":"center center","background-size":"auto","background-attachment":"scroll","background-type":"","background-media":"","overlay-type":"","overlay-color":"","overlay-opacity":"","overlay-gradient":""},"tablet":{"background-color":"","background-image":"","background-repeat":"repeat","background-position":"center center","background-size":"auto","background-attachment":"scroll","background-type":"","background-media":"","overlay-type":"","overlay-color":"","overlay-opacity":"","overlay-gradient":""},"mobile":{"background-color":"","background-image":"","background-repeat":"repeat","background-position":"center center","background-size":"auto","background-attachment":"scroll","background-type":"","background-media":"","overlay-type":"","overlay-color":"","overlay-opacity":"","overlay-gradient":""}},"ast-content-background-meta":{"desktop":{"background-color":"var(--ast-global-color-5)","background-image":"","background-repeat":"repeat","background-position":"center center","background-size":"auto","background-attachment":"scroll","background-type":"","background-media":"","overlay-type":"","overlay-color":"","overlay-opacity":"","overlay-gradient":""},"tablet":{"background-color":"var(--ast-global-color-5)","background-image":"","background-repeat":"repeat","background-position":"center center","background-size":"auto","background-attachment":"scroll","background-type":"","background-media":"","overlay-type":"","overlay-color":"","overlay-opacity":"","overlay-gradient":""},"mobile":{"background-color":"var(--ast-global-color-5)","background-image":"","background-repeat":"repeat","background-position":"center center","background-size":"auto","background-attachment":"scroll","background-type":"","background-media":"","overlay-type":"","overlay-color":"","overlay-opacity":"","overlay-gradient":""}},"footnotes":""},"class_list":["post-1119","page","type-page","status-publish","hentry"],"jetpack_sharing_enabled":true,"_links":{"self":[{"href":"https:\/\/aciamericas.coop\/vicumbre\/wp-json\/wp\/v2\/pages\/1119"}],"collection":[{"href":"https:\/\/aciamericas.coop\/vicumbre\/wp-json\/wp\/v2\/pages"}],"about":[{"href":"https:\/\/aciamericas.coop\/vicumbre\/wp-json\/wp\/v2\/types\/page"}],"author":[{"embeddable":true,"href":"https:\/\/aciamericas.coop\/vicumbre\/wp-json\/wp\/v2\/users\/1"}],"replies":[{"embeddable":true,"href":"https:\/\/aciamericas.coop\/vicumbre\/wp-json\/wp\/v2\/comments?post=1119"}],"version-history":[{"count":4,"href":"https:\/\/aciamericas.coop\/vicumbre\/wp-json\/wp\/v2\/pages\/1119\/revisions"}],"predecessor-version":[{"id":1124,"href":"https:\/\/aciamericas.coop\/vicumbre\/wp-json\/wp\/v2\/pages\/1119\/revisions\/1124"}],"wp:attachment":[{"href":"https:\/\/aciamericas.coop\/vicumbre\/wp-json\/wp\/v2\/media?parent=1119"}],"curies":[{"name":"wp","href":"https:\/\/api.w.org\/{rel}","templated":true}]}}